{"id":580,"date":"2023-07-06T09:34:28","date_gmt":"2023-07-06T07:34:28","guid":{"rendered":"https:\/\/www.vilaralimentacio.com\/?page_id=580"},"modified":"2023-07-11T10:19:59","modified_gmt":"2023-07-11T08:19:59","slug":"politica-de-cookies","status":"publish","type":"page","link":"https:\/\/www.vilaralimentacio.com\/es\/politica-de-cookies\/","title":{"rendered":"Pol\u00edtica de Cookies"},"content":{"rendered":"<div data-elementor-type=\"wp-page\" data-elementor-id=\"580\" class=\"elementor elementor-580\">\n\t\t\t\t\t\t\t\t\t<section class=\"elementor-section elementor-top-section elementor-element elementor-element-f57e3d3 elementor-section-boxed elementor-section-height-default elementor-section-height-default\" data-id=\"f57e3d3\" data-element_type=\"section\">\n\t\t\t\t\t\t<div class=\"elementor-container elementor-column-gap-default\">\n\t\t\t\t\t<div class=\"elementor-column elementor-col-100 elementor-top-column elementor-element elementor-element-f8cf47c\" data-id=\"f8cf47c\" data-element_type=\"column\">\n\t\t\t<div class=\"elementor-widget-wrap elementor-element-populated\">\n\t\t\t\t\t\t\t\t<div class=\"elementor-element elementor-element-7e2bf0f elementor-widget elementor-widget-text-editor\" data-id=\"7e2bf0f\" data-element_type=\"widget\" data-widget_type=\"text-editor.default\">\n\t\t\t\t<div class=\"elementor-widget-container\">\n\t\t\t<style>\/*! elementor - v3.14.0 - 26-06-2023 *\/\n.elementor-widget-text-editor.elementor-drop-cap-view-stacked .elementor-drop-cap{background-color:#69727d;color:#fff}.elementor-widget-text-editor.elementor-drop-cap-view-framed .elementor-drop-cap{color:#69727d;border:3px solid;background-color:transparent}.elementor-widget-text-editor:not(.elementor-drop-cap-view-default) .elementor-drop-cap{margin-top:8px}.elementor-widget-text-editor:not(.elementor-drop-cap-view-default) .elementor-drop-cap-letter{width:1em;height:1em}.elementor-widget-text-editor .elementor-drop-cap{float:left;text-align:center;line-height:1;font-size:50px}.elementor-widget-text-editor .elementor-drop-cap-letter{display:inline-block}<\/style>\t\t\t\t<h4>Qu\u00e8 s\u00f3n les galetes?<\/h4><p>Aquest lloc web utilitza galetes i\/o tecnologies similars que emmagatzemen i recuperen informaci\u00f3 quan navega. En general, aquestes tecnologies poden servir per a finalitats molt diverses, com ara recon\u00e8ixer-lo com a usuari, obtenir informaci\u00f3 sobre els seus h\u00e0bits de navegaci\u00f3, o personalitzar la manera com es mostra el contingut. Els usos concrets que fem daquestes tecnologies es descriuen a continuaci\u00f3.<\/p><p>Per qu\u00e8 utilitza les cookies aquesta p\u00e0gina web?<\/p><p>Aquesta p\u00e0gina web utilitza les galetes per a una s\u00e8rie de finalitats, incloses:<\/p><ul><li><b>T\u00e8cniques:<\/b>\u00a0faciliten la navegaci\u00f3 pel lloc web i guarden les seves prefer\u00e8ncies d&#8217;ajustament de galetes perqu\u00e8 no haguem de preguntar-li cada vegada que ens visita.<\/li><\/ul><ul><li><b>D&#8217;an\u00e0lisi:<\/b>\u00a0s\u00f3n aquelles que, tractades per nosaltres o per tercers, ens permeten quantificar el nombre d&#8217;usuaris i aix\u00ed fer el mesurament i l&#8217;an\u00e0lisi estad\u00edstica de la utilitzaci\u00f3 que fan els usuaris del servei ofert. Per aix\u00f2 s&#8217;analitza la vostra navegaci\u00f3 a la nostra p\u00e0gina web per tal de millorar l&#8217;oferta de productes o serveis que us oferim.<\/li><\/ul><ul><li><b>Publicit\u00e0ries comportamentals:<\/b>\u00a0s\u00f3n aquelles que, tractades per nosaltres o per tercers, permeten analitzar els seus h\u00e0bits de navegaci\u00f3 a Internet per mostrar publicitat relacionada amb el seu perfil de navegaci\u00f3.<\/li><\/ul><h4>Qui utilitza les galetes en aquesta p\u00e0gina web?<\/h4><p>La identificaci\u00f3 de qui utilitza les galetes, el tipus de galetes utilitzades i altres detalls, s&#8217;indica a continuaci\u00f3:<\/p>\t\t\t\t\t\t<\/div>\n\t\t\t\t<\/div>\n\t\t\t\t\t<\/div>\n\t\t<\/div>\n\t\t\t\t\t\t\t<\/div>\n\t\t<\/section>\n\t\t\t\t<section class=\"elementor-section elementor-top-section elementor-element elementor-element-192062d elementor-section-boxed elementor-section-height-default elementor-section-height-default\" data-id=\"192062d\" data-element_type=\"section\">\n\t\t\t\t\t\t<div class=\"elementor-container elementor-column-gap-default\">\n\t\t\t\t\t<div class=\"elementor-column elementor-col-100 elementor-top-column elementor-element elementor-element-9f8e304\" data-id=\"9f8e304\" data-element_type=\"column\">\n\t\t\t<div class=\"elementor-widget-wrap elementor-element-populated\">\n\t\t\t\t\t\t\t\t<div class=\"elementor-element elementor-element-cfaea7e elementor-widget elementor-widget-accordion\" data-id=\"cfaea7e\" data-element_type=\"widget\" data-widget_type=\"accordion.default\">\n\t\t\t\t<div class=\"elementor-widget-container\">\n\t\t\t<style>\/*! elementor - v3.14.0 - 26-06-2023 *\/\n.elementor-accordion{text-align:left}.elementor-accordion .elementor-accordion-item{border:1px solid #d5d8dc}.elementor-accordion .elementor-accordion-item+.elementor-accordion-item{border-top:none}.elementor-accordion .elementor-tab-title{margin:0;padding:15px 20px;font-weight:700;line-height:1;cursor:pointer;outline:none}.elementor-accordion .elementor-tab-title .elementor-accordion-icon{display:inline-block;width:1.5em}.elementor-accordion .elementor-tab-title .elementor-accordion-icon svg{width:1em;height:1em}.elementor-accordion .elementor-tab-title .elementor-accordion-icon.elementor-accordion-icon-right{float:right;text-align:right}.elementor-accordion .elementor-tab-title .elementor-accordion-icon.elementor-accordion-icon-left{float:left;text-align:left}.elementor-accordion .elementor-tab-title .elementor-accordion-icon .elementor-accordion-icon-closed{display:block}.elementor-accordion .elementor-tab-title .elementor-accordion-icon .elementor-accordion-icon-opened,.elementor-accordion .elementor-tab-title.elementor-active .elementor-accordion-icon-closed{display:none}.elementor-accordion .elementor-tab-title.elementor-active .elementor-accordion-icon-opened{display:block}.elementor-accordion .elementor-tab-content{display:none;padding:15px 20px;border-top:1px solid #d5d8dc}@media (max-width:767px){.elementor-accordion .elementor-tab-title{padding:12px 15px}.elementor-accordion .elementor-tab-title .elementor-accordion-icon{width:1.2em}.elementor-accordion .elementor-tab-content{padding:7px 15px}}.e-con-inner>.elementor-widget-accordion,.e-con>.elementor-widget-accordion{width:var(--container-widget-width);--flex-grow:var(--container-widget-flex-grow)}<\/style>\t\t<div class=\"elementor-accordion\">\n\t\t\t\t\t\t\t<div class=\"elementor-accordion-item\">\n\t\t\t\t\t<div id=\"elementor-tab-title-2171\" class=\"elementor-tab-title\" data-tab=\"1\" role=\"button\" aria-controls=\"elementor-tab-content-2171\" aria-expanded=\"false\">\n\t\t\t\t\t\t\t\t\t\t\t\t\t<span class=\"elementor-accordion-icon elementor-accordion-icon-left\" aria-hidden=\"true\">\n\t\t\t\t\t\t\t\t\t\t\t\t\t\t\t<span class=\"elementor-accordion-icon-closed\"><i class=\"fas fa-plus\"><\/i><\/span>\n\t\t\t\t\t\t\t\t<span class=\"elementor-accordion-icon-opened\"><i class=\"fas fa-minus\"><\/i><\/span>\n\t\t\t\t\t\t\t\t\t\t\t\t\t\t<\/span>\n\t\t\t\t\t\t\t\t\t\t\t\t<a class=\"elementor-accordion-title\" tabindex=\"0\">Google Analytics<\/a>\n\t\t\t\t\t<\/div>\n\t\t\t\t\t<div id=\"elementor-tab-content-2171\" class=\"elementor-tab-content elementor-clearfix\" data-tab=\"1\" role=\"region\" aria-labelledby=\"elementor-tab-title-2171\"><table class=\"default\"><tbody><tr><td><p><strong>Tipus:<\/strong> De tercers<\/p><p><strong>Proposit:<\/strong> Recollir informaci\u00f3 sobre la navegaci\u00f3 dels usuaris pel lloc per con\u00e8ixer l&#8217;origen de les visites i altres dades similars a nivell estad\u00edstic. Google Analytics tamb\u00e9 utilitza aquestes galetes per mostrar publicitat relacionada amb el vostre perfil de navegaci\u00f3.<\/p><p><strong>M\u00e9s Informaci\u00f3:<\/strong> <a href=\"https:\/\/developers.google.com\/analytics\/devguides\/collection\/analyticsjs\/cookie-usage\">Google Analytics<\/a>\u00a0<a href=\"http:\/\/www.google.com\/intl\/es\/privacy.html\">Centro de privacidad de Google<\/a><\/p><\/td><\/tr><\/tbody><\/table><\/div>\n\t\t\t\t<\/div>\n\t\t\t\t\t\t\t<div class=\"elementor-accordion-item\">\n\t\t\t\t\t<div id=\"elementor-tab-title-2172\" class=\"elementor-tab-title\" data-tab=\"2\" role=\"button\" aria-controls=\"elementor-tab-content-2172\" aria-expanded=\"false\">\n\t\t\t\t\t\t\t\t\t\t\t\t\t<span class=\"elementor-accordion-icon elementor-accordion-icon-left\" aria-hidden=\"true\">\n\t\t\t\t\t\t\t\t\t\t\t\t\t\t\t<span class=\"elementor-accordion-icon-closed\"><i class=\"fas fa-plus\"><\/i><\/span>\n\t\t\t\t\t\t\t\t<span class=\"elementor-accordion-icon-opened\"><i class=\"fas fa-minus\"><\/i><\/span>\n\t\t\t\t\t\t\t\t\t\t\t\t\t\t<\/span>\n\t\t\t\t\t\t\t\t\t\t\t\t<a class=\"elementor-accordion-title\" tabindex=\"0\">Google<\/a>\n\t\t\t\t\t<\/div>\n\t\t\t\t\t<div id=\"elementor-tab-content-2172\" class=\"elementor-tab-content elementor-clearfix\" data-tab=\"2\" role=\"region\" aria-labelledby=\"elementor-tab-title-2172\"><p><strong>Tipus:<\/strong>\u00a0NID<\/p><p><strong>Proposit: <\/strong>S&#8217;utilitza per mostrar anuncis de Google als serveis de Google a usuaris que no tinguin la sessi\u00f3 iniciada. (Google Maps).<\/p><p><strong>M\u00e9s Informaci\u00f3:<\/strong> <a href=\"https:\/\/developers.google.com\/analytics\/devguides\/collection\/analyticsjs\/cookie-usage\">Google Analytics<\/a><\/p><\/div>\n\t\t\t\t<\/div>\n\t\t\t\t\t\t\t<div class=\"elementor-accordion-item\">\n\t\t\t\t\t<div id=\"elementor-tab-title-2173\" class=\"elementor-tab-title\" data-tab=\"3\" role=\"button\" aria-controls=\"elementor-tab-content-2173\" aria-expanded=\"false\">\n\t\t\t\t\t\t\t\t\t\t\t\t\t<span class=\"elementor-accordion-icon elementor-accordion-icon-left\" aria-hidden=\"true\">\n\t\t\t\t\t\t\t\t\t\t\t\t\t\t\t<span class=\"elementor-accordion-icon-closed\"><i class=\"fas fa-plus\"><\/i><\/span>\n\t\t\t\t\t\t\t\t<span class=\"elementor-accordion-icon-opened\"><i class=\"fas fa-minus\"><\/i><\/span>\n\t\t\t\t\t\t\t\t\t\t\t\t\t\t<\/span>\n\t\t\t\t\t\t\t\t\t\t\t\t<a class=\"elementor-accordion-title\" tabindex=\"0\">Vilar Alimentaci\u00f3<\/a>\n\t\t\t\t\t<\/div>\n\t\t\t\t\t<div id=\"elementor-tab-content-2173\" class=\"elementor-tab-content elementor-clearfix\" data-tab=\"3\" role=\"region\" aria-labelledby=\"elementor-tab-title-2173\"><p><strong>Tipus:<\/strong>\u00a0Propia<\/p><p><strong>Proposit: <\/strong>S&#8217;utilitza per guardar la configuracio de l&#8217;acceptaci\u00f3 de les cookies de la web.<\/p><p><strong>M\u00e9s Informaci\u00f3:<\/strong> <a href=\"https:\/\/www.vilaralimentacio.com\/es\/politica-de-cookies\/\">Vilar Alimentaci\u00f3<\/a><\/p><\/div>\n\t\t\t\t<\/div>\n\t\t\t\t\t\t\t\t\t\t<script type=\"application\/ld+json\">{\"@context\":\"https:\\\/\\\/schema.org\",\"@type\":\"FAQPage\",\"mainEntity\":[{\"@type\":\"Question\",\"name\":\"Google Analytics\",\"acceptedAnswer\":{\"@type\":\"Answer\",\"text\":\"<table class=\\\"default\\\"><tbody><tr><td><p><strong>Tipus:<\\\/strong> De tercers<\\\/p><p><strong>Proposit:<\\\/strong> Recollir informaci\\u00f3 sobre la navegaci\\u00f3 dels usuaris pel lloc per con\\u00e8ixer l&#8217;origen de les visites i altres dades similars a nivell estad\\u00edstic. Google Analytics tamb\\u00e9 utilitza aquestes galetes per mostrar publicitat relacionada amb el vostre perfil de navegaci\\u00f3.<\\\/p><p><strong>M\\u00e9s Informaci\\u00f3:<\\\/strong> <a href=\\\"https:\\\/\\\/developers.google.com\\\/analytics\\\/devguides\\\/collection\\\/analyticsjs\\\/cookie-usage\\\">Google Analytics<\\\/a>\\u00a0<a href=\\\"http:\\\/\\\/www.google.com\\\/intl\\\/es\\\/privacy.html\\\">Centro de privacidad de Google<\\\/a><\\\/p><\\\/td><\\\/tr><\\\/tbody><\\\/table>\"}},{\"@type\":\"Question\",\"name\":\"Google\",\"acceptedAnswer\":{\"@type\":\"Answer\",\"text\":\"<p><strong>Tipus:<\\\/strong>\\u00a0NID<\\\/p><p><strong>Proposit: <\\\/strong>S&#8217;utilitza per mostrar anuncis de Google als serveis de Google a usuaris que no tinguin la sessi\\u00f3 iniciada. (Google Maps).<\\\/p><p><strong>M\\u00e9s Informaci\\u00f3:<\\\/strong> <a href=\\\"https:\\\/\\\/developers.google.com\\\/analytics\\\/devguides\\\/collection\\\/analyticsjs\\\/cookie-usage\\\">Google Analytics<\\\/a><\\\/p>\"}},{\"@type\":\"Question\",\"name\":\"Vilar Alimentaci\\u00f3\",\"acceptedAnswer\":{\"@type\":\"Answer\",\"text\":\"<p><strong>Tipus:<\\\/strong>\\u00a0Propia<\\\/p><p><strong>Proposit: <\\\/strong>S&#8217;utilitza per guardar la configuracio de l&#8217;acceptaci\\u00f3 de les cookies de la web.<\\\/p><p><strong>M\\u00e9s Informaci\\u00f3:<\\\/strong> <a href=\\\"https:\\\/\\\/www.vilaralimentacio.com\\\/politica-de-cookies\\\/\\\">Vilar Alimentaci\\u00f3<\\\/a><\\\/p>\"}}]}<\/script>\n\t\t\t\t\t<\/div>\n\t\t\t\t<\/div>\n\t\t\t\t<\/div>\n\t\t\t\t\t<\/div>\n\t\t<\/div>\n\t\t\t\t\t\t\t<\/div>\n\t\t<\/section>\n\t\t\t\t<section class=\"elementor-section elementor-top-section elementor-element elementor-element-6f14218 elementor-section-boxed elementor-section-height-default elementor-section-height-default\" data-id=\"6f14218\" data-element_type=\"section\">\n\t\t\t\t\t\t<div class=\"elementor-container elementor-column-gap-default\">\n\t\t\t\t\t<div class=\"elementor-column elementor-col-100 elementor-top-column elementor-element elementor-element-c1568e7\" data-id=\"c1568e7\" data-element_type=\"column\">\n\t\t\t<div class=\"elementor-widget-wrap elementor-element-populated\">\n\t\t\t\t\t\t\t\t<div class=\"elementor-element elementor-element-d424d32 elementor-widget elementor-widget-text-editor\" data-id=\"d424d32\" data-element_type=\"widget\" data-widget_type=\"text-editor.default\">\n\t\t\t\t<div class=\"elementor-widget-container\">\n\t\t\t\t\t\t\t<p>Nota: Les galetes de tipus \u201cPr\u00f2pies\u201d s\u00f3n utilitzades nom\u00e9s pel propietari d&#8217;aquesta web i les galetes \u201cDe tercers\u201d s\u00f3n utilitzades, tamb\u00e9, pel prestador del servei que est\u00e0 detallat la taula anterior.<br \/><br \/>Podeu informar-vos de les transfer\u00e8ncies a tercers pa\u00efsos que, si escau, realitzen els tercers identificats en aquesta pol\u00edtica de cookies en les seves pol\u00edtiques corresponents (vegeu els enlla\u00e7os facilitats a l&#8217;apartat \u201cM\u00e9s informaci\u00f3\u201d de la taula anterior).<br \/><br \/><\/p><h4>Com puc desactivar o eliminar aquestes galetes?<\/h4><p><br \/>Podeu permetre o bloquejar les cookies, aix\u00ed com esborrar les vostres dades de navegaci\u00f3 (incloses les cookies) des del navegador que vost\u00e8 utilitza. Consulteu les opcions i instruccions que ofereix el vostre navegador. Tingueu en compte que, si accepteu les galetes de tercers, haureu d&#8217;eliminar-les des de les opcions del navegador.<br \/>A continuaci\u00f3, teniu disponibles els enlla\u00e7os amb la informaci\u00f3 per gestionar les cookies dels navegadors m\u00e9s utilitzats:<br \/><br \/><strong>Google Chrome<\/strong>(en el Men\u00fa eines)<\/p><p>Configuraci\u00f3 &gt; Mostrar opcions aven\u00e7ades &gt; Privadesa (Configuraci\u00f3 de Contingut) &gt; Cookies<br \/>M\u00e9s informaci\u00f3:\u00a0<a href=\"https:\/\/support.google.com\/chrome\/answer\/95647?hl=es\">https:\/\/support.google.com\/chrome\/answer\/95647?hl=es<\/a><\/p><p><strong>Microsoft Internet Explorer\u00a0<\/strong>(en el Men\u00fa eines)<\/p><p>Opcions de Internet &gt; Privadesa &gt; Avan\u00e7ada<br \/>M\u00e9s informaci\u00f3:\u00a0<a href=\"http:\/\/windows.microsoft.com\/es-es\/internet-explorer\/delete-manage-cookies#ie=ie-9\">http:\/\/windows.microsoft.com\/es-es\/internet-explorer\/delete-manage-cookies#ie=ie-9<\/a><\/p><p><strong>Firefox<\/strong><\/p><p>Opcions &gt; Privadesa &gt; Cookies<br \/>M\u00e9s informaci\u00f3:\u00a0<a href=\"http:\/\/support.mozilla.org\/es\/kb\/habilitar-y-deshabilitar-cookies-que-los-sitios-we\">http:\/\/support.mozilla.org\/es\/kb\/habilitar-y-deshabilitar-cookies-que-los-sitios-we<\/a><\/p><p><strong>Safari, iPad y iPhone<\/strong><\/p><p>Prefer\u00e8ncies &gt; Privadesa<br \/>M\u00e9s informaci\u00f3:\u00a0<a href=\"http:\/\/www.apple.com\/es\/privacy\/use-of-cookies\/\">http:\/\/www.apple.com\/es\/privacy\/use-of-cookies<\/a><\/p><p><strong>Opera<\/strong><\/p><p>Configuraci\u00f3 &gt; Opcions &gt; Avan\u00e7ada &gt; Cookies<br \/>M\u00e9s informaci\u00f3:\u00a0<a href=\"http:\/\/help.opera.com\/Linux\/10.60\/es-ES\/cookies.html\">http:\/\/help.opera.com\/Linux\/10.60\/es-ES\/cookies.html<\/a><\/p><p>Per a altres navegadors: consulteu la documentaci\u00f3 del navegador que tingueu instal\u00b7lat.<br \/><br \/>Complement d&#8217;habilitaci\u00f3 per a navegadors de Google Analytics<br \/>Si voleu rebutjar les galetes anal\u00edtiques de Google Analytics a tots els navegadors, de manera que no s&#8217;envi\u00ef informaci\u00f3 vostra a Google Analytics, podeu descarregar un complement que realitza aquesta funci\u00f3 des d&#8217;aquest enlla\u00e7: https:\/\/tools.google.com\/dlpage\/ gaoptout<br \/><br \/><\/p><h4>Exercici de drets<\/h4><p><br \/>Podeu con\u00e8ixer i exercir els vostres drets en mat\u00e8ria de protecci\u00f3 de dades accedint a la nostra\u00a0<a href=\"https:\/\/www.vilaralimentacio.com\/es\/politica-de-privacitat\/\">Pol\u00edtica de Privadesa.<\/a><\/p>\t\t\t\t\t\t<\/div>\n\t\t\t\t<\/div>\n\t\t\t\t\t<\/div>\n\t\t<\/div>\n\t\t\t\t\t\t\t<\/div>\n\t\t<\/section>\n\t\t\t\t\t\t\t<\/div>","protected":false},"excerpt":{"rendered":"<p>Qu\u00e8 s\u00f3n les galetes? Aquest lloc web utilitza galetes i\/o tecnologies similars que emmagatzemen i recuperen informaci\u00f3 quan navega. En general, aquestes tecnologies poden servir per a finalitats molt diverses, com ara recon\u00e8ixer-lo com a usuari, obtenir informaci\u00f3 sobre els seus h\u00e0bits de navegaci\u00f3, o personalitzar la manera com es mostra el contingut. Els usos [&hellip;]<\/p>","protected":false},"author":1,"featured_media":0,"parent":0,"menu_order":0,"comment_status":"closed","ping_status":"closed","template":"elementor_header_footer","meta":{"footnotes":""},"class_list":["post-580","page","type-page","status-publish","hentry"],"aioseo_notices":[],"_links":{"self":[{"href":"https:\/\/www.vilaralimentacio.com\/es\/wp-json\/wp\/v2\/pages\/580","targetHints":{"allow":["GET"]}}],"collection":[{"href":"https:\/\/www.vilaralimentacio.com\/es\/wp-json\/wp\/v2\/pages"}],"about":[{"href":"https:\/\/www.vilaralimentacio.com\/es\/wp-json\/wp\/v2\/types\/page"}],"author":[{"embeddable":true,"href":"https:\/\/www.vilaralimentacio.com\/es\/wp-json\/wp\/v2\/users\/1"}],"replies":[{"embeddable":true,"href":"https:\/\/www.vilaralimentacio.com\/es\/wp-json\/wp\/v2\/comments?post=580"}],"version-history":[{"count":14,"href":"https:\/\/www.vilaralimentacio.com\/es\/wp-json\/wp\/v2\/pages\/580\/revisions"}],"predecessor-version":[{"id":782,"href":"https:\/\/www.vilaralimentacio.com\/es\/wp-json\/wp\/v2\/pages\/580\/revisions\/782"}],"wp:attachment":[{"href":"https:\/\/www.vilaralimentacio.com\/es\/wp-json\/wp\/v2\/media?parent=580"}],"curies":[{"name":"wp","href":"https:\/\/api.w.org\/{rel}","templated":true}]}}