{"id":578,"date":"2023-07-06T09:33:37","date_gmt":"2023-07-06T07:33:37","guid":{"rendered":"https:\/\/www.vilaralimentacio.com\/?page_id=578"},"modified":"2023-07-11T09:57:12","modified_gmt":"2023-07-11T07:57:12","slug":"politica-de-privacitat","status":"publish","type":"page","link":"https:\/\/www.vilaralimentacio.com\/es\/politica-de-privacitat\/","title":{"rendered":"Pol\u00edtica de Privacidad"},"content":{"rendered":"<div data-elementor-type=\"wp-page\" data-elementor-id=\"578\" class=\"elementor elementor-578\">\n\t\t\t\t\t\t\t\t\t<section class=\"elementor-section elementor-top-section elementor-element elementor-element-1919537 elementor-section-boxed elementor-section-height-default elementor-section-height-default\" data-id=\"1919537\" data-element_type=\"section\">\n\t\t\t\t\t\t<div class=\"elementor-container elementor-column-gap-default\">\n\t\t\t\t\t<div class=\"elementor-column elementor-col-100 elementor-top-column elementor-element elementor-element-70ea824\" data-id=\"70ea824\" data-element_type=\"column\">\n\t\t\t<div class=\"elementor-widget-wrap elementor-element-populated\">\n\t\t\t\t\t\t\t\t<div class=\"elementor-element elementor-element-cce519e elementor-widget elementor-widget-text-editor\" data-id=\"cce519e\" data-element_type=\"widget\" data-widget_type=\"text-editor.default\">\n\t\t\t\t<div class=\"elementor-widget-container\">\n\t\t\t<style>\/*! elementor - v3.14.0 - 26-06-2023 *\/\n.elementor-widget-text-editor.elementor-drop-cap-view-stacked .elementor-drop-cap{background-color:#69727d;color:#fff}.elementor-widget-text-editor.elementor-drop-cap-view-framed .elementor-drop-cap{color:#69727d;border:3px solid;background-color:transparent}.elementor-widget-text-editor:not(.elementor-drop-cap-view-default) .elementor-drop-cap{margin-top:8px}.elementor-widget-text-editor:not(.elementor-drop-cap-view-default) .elementor-drop-cap-letter{width:1em;height:1em}.elementor-widget-text-editor .elementor-drop-cap{float:left;text-align:center;line-height:1;font-size:50px}.elementor-widget-text-editor .elementor-drop-cap-letter{display:inline-block}<\/style>\t\t\t\t<p><br>A VILAR ALIMENTACI\u00d3 SL ens preocupem per la privadesa i la transpar\u00e8ncia.<br>A continuaci\u00f3, us indiquem en detall els tractaments de dades personals que realitzem, aix\u00ed com tota la informaci\u00f3 relativa a aquests.<\/p>\n<p><b>Qui \u00e9s el responsable del tractament de les vostres dades?<\/b><\/p>\n<ul>\n<li>VILAR ALIMENTACI\u00d3 SL<\/li>\n<li>B62663596<\/li>\n<li>Carrer del Ter 174, 08570 Torell\u00f3 (Barcelona)<\/li>\n<li>info@vilaralimentacio.com\n<br><br><\/li>\n<\/ul>\n<p><b>Dades de contacte del Delegat de Protecci\u00f3 de Dades (DPD):<\/b><\/p>\n<ul>\n<li>VILAR ALIMENTACI\u00d3 SL<\/li>\n<li>Carrer del Ter 174, 08570 Torell\u00f3 (Barcelona)<\/li>\n<li>info@vilaralimentacio.com<\/li>\n<\/ul>\n<p><b><br>Quins s\u00f3n els vostres drets quan ens facilita les vostres dades?<\/b><\/p>\n<p>Qualsevol persona t\u00e9 dret a obtenir confirmaci\u00f3 sobre si a VILAR ALIMENTACI\u00d3 SL estem tractant, o no, dades personals que els concerneixen.<\/p>\n<p>Les persones interessades tenen dret a accedir a les seves dades personals, aix\u00ed com a sol\u00b7licitar la rectificaci\u00f3 de les dades inexactes o, si escau, sol\u00b7licitar la seva supressi\u00f3 quan, entre altres motius, les dades ja no siguin necess\u00e0ries per als fins que van ser recollits.<br>Igualment, t\u00e9 dret a la portabilitat de les seves dades.<\/p>\n<p>En determinades circumst\u00e0ncies, els interessats podran sol\u00b7licitar la limitaci\u00f3 del tractament de les seves dades, cas en qu\u00e8 \u00fanicament les conservarem per a l&#8217;exercici o la defensa de reclamacions.<\/p>\n<p>En determinades circumst\u00e0ncies i per motius relacionats amb la seva situaci\u00f3 particular, els interessats podran oposar-se al tractament de les dades. En aquest cas, VILAR ALIMENTACI\u00d3 SL deixar\u00e0 de tractar les dades, excepte per motius leg\u00edtims imperiosos, o lexercici o la defensa de possibles reclamacions.<\/p>\n<p>Podr\u00e0 exercitar materialment els seus drets de la manera seg\u00fcent: dirigint-se a info@vilaralimentacio.com o Carrer del Ter 174, 08570 Torell\u00f3 (Barcelona).<\/p>\n<p>Quan es faci l&#8217;enviament de comunicacions comercials utilitzant com a base jur\u00eddica l&#8217;inter\u00e8s leg\u00edtim del responsable, l&#8217;interessat podr\u00e0 oposar-se al tractament dels seus dades amb aquesta finalitat.<\/p>\n<p>Si heu atorgat el vostre consentiment per a alguna finalitat concreta, teniu dret a retirar el consentiment atorgat en qualsevol moment, sense que aix\u00f2 afecti la licitud del tractament basat en el consentiment previ a la retirada.<\/p>\n<p>En cas que senti vulnerats els seus drets pel que fa a la protecci\u00f3 dels seus drets dades personals, especialment quan no hagi obtingut satisfacci\u00f3 en l&#8217;exercici de els vostres drets, podeu presentar una reclamaci\u00f3 davant l&#8217;Autoritat de Control en mat\u00e8ria de protecci\u00f3 de dades competent a trav\u00e9s del seu lloc web: www.aepd.es.<\/p>\n<p><\/p>\n<h4>1. Tractament de les dades dels contactes web<\/h4>\n<p><b>Amb quina finalitat tractem les vostres dades personals?<\/b><\/p>\n<p>A VILAR ALIMENTACI\u00d3 SL tractem la informaci\u00f3 que ens faciliten les persones interessades per tal d&#8217;atendre la vostra sol\u00b7licitud i enviar-vos comunicacions comercials i\/o newsletters. En cas que no faciliti les seves dades personals, no podrem complir les finalitats descrites.<\/p>\n<p>No es prendran decisions automatitzades sobre la base de les dades proporcionades.<\/p>\n<p><b>Per quant de temps conservarem les vostres dades?<\/b><\/p>\n<p>Les dades es conservaran mentre l&#8217;interessat no sol\u00b7liciti la supressi\u00f3.<\/p>\n<p><b>Quina \u00e9s la legitimaci\u00f3 per al tractament de les vostres dades?<\/b><\/p>\n<p>Us indiquem la base legal per al tractament de les vostres dades:<\/p>\n<ul>\n<li>Execuci\u00f3 d&#8217;un contracte: Atendre&#8217;n la sol\u00b7licitud.<\/li>\n<li>Consentiment de l&#8217;interessat: Enviar comunicacions comercials, inclusivament per via electr\u00f2nica.<br><br><\/li>\n<\/ul>\n<p><b>A quins destinataris es comunicaran les vostres dades?<\/b><\/p>\n<p>No se cediran dades a tercers, llevat d&#8217;obligaci\u00f3 legal.<\/p>\n<p><b>Transfer\u00e8ncies de dades a tercers pa\u00efsos<\/b><\/p>\n<p>No estan previstes transfer\u00e8ncies de dades a tercers pa\u00efsos.<\/p>\n<p><b>Com hem obtingut les vostres dades?<\/b><\/p>\n<p>Les dades personals que tractem a VILAR ALIMENTACI\u00d3 SL procedeixen de: El mateix interessat.<\/p>\n<p><\/p>\n<h4>2. Tractament de les dades del correu electr\u00f2nic<\/h4>\n<p><b>Amb quina finalitat tractem les vostres dades personals?<\/b><\/p>\n<p>A VILAR ALIMENTACI\u00d3 SL tractem la informaci\u00f3 que ens faciliten les persones interessades per tal de prestar-li els serveis que ens ha sol\u00b7licitat, atendre les vostres sol\u00b7licituds d&#8217;informaci\u00f3 i enviar-vos comunicacions comercials. En el cas que no faciliti les vostres dades personals, no podrem complir amb les finalitats descrites.<\/p>\n<p>No es prendran decisions automatitzades sobre la base de les dades proporcionades.<\/p>\n<p><b>Per quant de temps conservarem les vostres dades?<\/b><\/p>\n<p>Les dades es conservaran mentre l&#8217;interessat no sol\u00b7liciti la supressi\u00f3.<\/p>\n<p><b>Quina \u00e9s la legitimaci\u00f3 per al tractament de les vostres dades?<\/b><\/p>\n<p>Us indiquem la base legal per al tractament de les vostres dades:<\/p>\n<ul>\n<li>Execuci\u00f3 d&#8217;un contracte: Atendre&#8217;n la sol\u00b7licitud.<\/li>\n<li>Inter\u00e8s leg\u00edtim del Responsable: Enviament de comunicacions comercials.<\/li>\n<li>Consentiment de l&#8217;interessat: contacte i enviament de comunicacions comercials sobre la base de l&#8217;inter\u00e8s demostrat.<br><br><\/li>\n<\/ul>\n<p><b>A quins destinataris es comunicaran les vostres dades?<\/b><\/p>\n<p>No se cediran dades a tercers, llevat d&#8217;obligaci\u00f3 legal.<\/p>\n<p><b>Transfer\u00e8ncies de dades a tercers pa\u00efsos<\/b><\/p>\n<p>No estan previstes transfer\u00e8ncies de dades a tercers pa\u00efsos.<\/p>\n<p><b>Com hem obtingut les vostres dades?<\/b><\/p>\n<p>Les dades personals que tractem a VILAR ALIMENTACI\u00d3 SL procedeixen de: El mateix interessat.<\/p>\t\t\t\t\t\t<\/div>\n\t\t\t\t<\/div>\n\t\t\t\t\t<\/div>\n\t\t<\/div>\n\t\t\t\t\t\t\t<\/div>\n\t\t<\/section>\n\t\t\t\t\t\t\t<\/div>","protected":false},"excerpt":{"rendered":"<p>A VILAR ALIMENTACI\u00d3 SL ens preocupem per la privadesa i la transpar\u00e8ncia.A continuaci\u00f3, us indiquem en detall els tractaments de dades personals que realitzem, aix\u00ed com tota la informaci\u00f3 relativa a aquests. Qui \u00e9s el responsable del tractament de les vostres dades? VILAR ALIMENTACI\u00d3 SL B62663596 Carrer del Ter 174, 08570 Torell\u00f3 (Barcelona) info@vilaralimentacio.com Dades [&hellip;]<\/p>","protected":false},"author":1,"featured_media":0,"parent":0,"menu_order":0,"comment_status":"closed","ping_status":"closed","template":"elementor_header_footer","meta":{"footnotes":""},"class_list":["post-578","page","type-page","status-publish","hentry"],"aioseo_notices":[],"_links":{"self":[{"href":"https:\/\/www.vilaralimentacio.com\/es\/wp-json\/wp\/v2\/pages\/578","targetHints":{"allow":["GET"]}}],"collection":[{"href":"https:\/\/www.vilaralimentacio.com\/es\/wp-json\/wp\/v2\/pages"}],"about":[{"href":"https:\/\/www.vilaralimentacio.com\/es\/wp-json\/wp\/v2\/types\/page"}],"author":[{"embeddable":true,"href":"https:\/\/www.vilaralimentacio.com\/es\/wp-json\/wp\/v2\/users\/1"}],"replies":[{"embeddable":true,"href":"https:\/\/www.vilaralimentacio.com\/es\/wp-json\/wp\/v2\/comments?post=578"}],"version-history":[{"count":10,"href":"https:\/\/www.vilaralimentacio.com\/es\/wp-json\/wp\/v2\/pages\/578\/revisions"}],"predecessor-version":[{"id":713,"href":"https:\/\/www.vilaralimentacio.com\/es\/wp-json\/wp\/v2\/pages\/578\/revisions\/713"}],"wp:attachment":[{"href":"https:\/\/www.vilaralimentacio.com\/es\/wp-json\/wp\/v2\/media?parent=578"}],"curies":[{"name":"wp","href":"https:\/\/api.w.org\/{rel}","templated":true}]}}