{"id":103,"date":"2023-06-30T08:46:26","date_gmt":"2023-06-30T06:46:26","guid":{"rendered":"https:\/\/www.vilaralimentacio.com\/?page_id=103"},"modified":"2023-07-12T15:37:12","modified_gmt":"2023-07-12T13:37:12","slug":"nosaltres","status":"publish","type":"page","link":"https:\/\/www.vilaralimentacio.com\/es\/nosaltres\/","title":{"rendered":"Nosotros"},"content":{"rendered":"<div data-elementor-type=\"wp-page\" data-elementor-id=\"103\" class=\"elementor elementor-103\">\n\t\t\t\t\t\t\t\t\t<section class=\"elementor-section elementor-top-section elementor-element elementor-element-221b1dc9 elementor-section-boxed elementor-section-height-default elementor-section-height-default\" data-id=\"221b1dc9\" data-element_type=\"section\">\n\t\t\t\t\t\t<div class=\"elementor-container elementor-column-gap-default\">\n\t\t\t\t\t<div class=\"elementor-column elementor-col-100 elementor-top-column elementor-element elementor-element-724a89fe\" data-id=\"724a89fe\" data-element_type=\"column\">\n\t\t\t<div class=\"elementor-widget-wrap elementor-element-populated\">\n\t\t\t\t\t\t\t\t<div class=\"elementor-element elementor-element-24224f5a elementor-widget elementor-widget-text-editor\" data-id=\"24224f5a\" data-element_type=\"widget\" data-widget_type=\"text-editor.default\">\n\t\t\t\t<div class=\"elementor-widget-container\">\n\t\t\t<style>\/*! elementor - v3.14.0 - 26-06-2023 *\/\n.elementor-widget-text-editor.elementor-drop-cap-view-stacked .elementor-drop-cap{background-color:#69727d;color:#fff}.elementor-widget-text-editor.elementor-drop-cap-view-framed .elementor-drop-cap{color:#69727d;border:3px solid;background-color:transparent}.elementor-widget-text-editor:not(.elementor-drop-cap-view-default) .elementor-drop-cap{margin-top:8px}.elementor-widget-text-editor:not(.elementor-drop-cap-view-default) .elementor-drop-cap-letter{width:1em;height:1em}.elementor-widget-text-editor .elementor-drop-cap{float:left;text-align:center;line-height:1;font-size:50px}.elementor-widget-text-editor .elementor-drop-cap-letter{display:inline-block}<\/style>\t\t\t\t<div data-colibri-id=\"103-c1\" class=\"style-424 style-local-103-c1 position-relative\">\n  <!---->\n<\/div>\t\t\t\t\t\t<\/div>\n\t\t\t\t<\/div>\n\t\t\t\t\t<\/div>\n\t\t<\/div>\n\t\t\t\t\t\t\t<\/div>\n\t\t<\/section>\n\t\t\t\t<section class=\"elementor-section elementor-top-section elementor-element elementor-element-06f6a7b elementor-section-boxed elementor-section-height-default elementor-section-height-default\" data-id=\"06f6a7b\" data-element_type=\"section\">\n\t\t\t\t\t\t<div class=\"elementor-container elementor-column-gap-default\">\n\t\t\t\t\t<div class=\"elementor-column elementor-col-50 elementor-top-column elementor-element elementor-element-bcd8b9a\" data-id=\"bcd8b9a\" data-element_type=\"column\">\n\t\t\t<div class=\"elementor-widget-wrap elementor-element-populated\">\n\t\t\t\t\t\t\t\t<div class=\"elementor-element elementor-element-64d57e4 elementor-widget elementor-widget-text-editor\" data-id=\"64d57e4\" data-element_type=\"widget\" data-widget_type=\"text-editor.default\">\n\t\t\t\t<div class=\"elementor-widget-container\">\n\t\t\t\t\t\t\t<p class=\"MsoNormal\" style=\"text-align: justify;\"><span style=\"font-family: Arial, sans-serif; font-size: 12pt;\">Vilar Alimentaci\u00f3 es una empresa familiar y consolidada en el sector de la distribuci\u00f3n de alimentaci\u00f3n.<\/span><br><\/p>\n<p class=\"MsoNormal\" style=\"text-align: justify;\"><span style=\"font-family: Arial, sans-serif; font-size: 12pt;\">Somos mayoristas y distribuidores de alimentos para la hosteler\u00eda, peque\u00f1o comercio, colectividades y centros oficiales.<\/span><\/p>\n<p class=\"MsoNormal\" style=\"text-align: justify;\"><span style=\"font-family: Arial, sans-serif; font-size: 12pt;\">Nuestras instalaciones est\u00e1n ubicadas en Torell\u00f3 (Barcelona) en la Avenida del Ter n. 174 dando servicio a nivel nacional.<\/span><\/p>\n<p class=\"MsoNormal\" style=\"text-align: justify;\"><span style=\"font-family: Arial, sans-serif; font-size: 12pt;\">Cuenta con una gran experiencia y una dedicaci\u00f3n inigualable, ya que sigue la cuarta generaci\u00f3n de empresa dedicada al mundo de venta y distribuci\u00f3n de productos de alimentaci\u00f3n como todo tipo de conservas, legumbres, productos l\u00e1cteos, aceites y vinagres, mayonesas y salsas , harinas, arroces, galletas y cereales, aceitunas, zumos, vinos, productos de limpieza, etc.<\/span><\/p>\n<p class=\"MsoNormal\" style=\"text-align: justify;\"><span style=\"font-family: Arial, sans-serif; font-size: 12pt;\">Gracias a una continua b\u00fasqueda de la calidad y de los mejores proveedores, en Vilar Alimentaci\u00f3, S.L. y encontrar\u00e1 los productos de mayor calidad puestos directamente a su disposici\u00f3n, con un ahorro importante en nuestra selecta gama de alimentos.&nbsp;<\/span><\/p>\t\t\t\t\t\t<\/div>\n\t\t\t\t<\/div>\n\t\t\t\t\t<\/div>\n\t\t<\/div>\n\t\t\t\t<div class=\"elementor-column elementor-col-50 elementor-top-column elementor-element elementor-element-f631f44\" data-id=\"f631f44\" data-element_type=\"column\">\n\t\t\t<div class=\"elementor-widget-wrap elementor-element-populated\">\n\t\t\t\t\t\t\t\t<div class=\"elementor-element elementor-element-847d538 elementor-widget elementor-widget-image\" data-id=\"847d538\" data-element_type=\"widget\" data-widget_type=\"image.default\">\n\t\t\t\t<div class=\"elementor-widget-container\">\n\t\t\t<style>\/*! elementor - v3.14.0 - 26-06-2023 *\/\n.elementor-widget-image{text-align:center}.elementor-widget-image a{display:inline-block}.elementor-widget-image a img[src$=\".svg\"]{width:48px}.elementor-widget-image img{vertical-align:middle;display:inline-block}<\/style>\t\t\t\t\t\t\t\t\t\t\t\t<img loading=\"lazy\" decoding=\"async\" width=\"300\" height=\"225\" src=\"https:\/\/www.vilaralimentacio.com\/wp-content\/uploads\/2023\/07\/IMG_7336.jpg\" class=\"attachment-medium size-medium wp-image-728\" alt=\"\" \/>\t\t\t\t\t\t\t\t\t\t\t\t\t\t\t<\/div>\n\t\t\t\t<\/div>\n\t\t\t\t\t<\/div>\n\t\t<\/div>\n\t\t\t\t\t\t\t<\/div>\n\t\t<\/section>\n\t\t\t\t\t\t\t<\/div>","protected":false},"excerpt":{"rendered":"<p>Vilar Alimentaci\u00f3 \u00e9s una empresa familiar i consolidada al sector de la distribuci\u00f3 d\u2019alimentaci\u00f3. Som majoristes i distribu\u00efdors d\u2019aliments per a l\u2019hostaleria, petit comer\u00e7, col\u00b7lectivitats i centres&nbsp; oficials. Les nostres instal\u00b7lacions estan ubicades a Torell\u00f3 (Barcelona) a l\u2019Avinguda del Ter n. 174 donant servei a nivell nacional. Compta amb una gran experi\u00e8ncia i una dedicaci\u00f3 [&hellip;]<\/p>","protected":false},"author":1,"featured_media":0,"parent":0,"menu_order":0,"comment_status":"closed","ping_status":"closed","template":"elementor_header_footer","meta":{"footnotes":""},"class_list":["post-103","page","type-page","status-publish","hentry"],"aioseo_notices":[],"_links":{"self":[{"href":"https:\/\/www.vilaralimentacio.com\/es\/wp-json\/wp\/v2\/pages\/103","targetHints":{"allow":["GET"]}}],"collection":[{"href":"https:\/\/www.vilaralimentacio.com\/es\/wp-json\/wp\/v2\/pages"}],"about":[{"href":"https:\/\/www.vilaralimentacio.com\/es\/wp-json\/wp\/v2\/types\/page"}],"author":[{"embeddable":true,"href":"https:\/\/www.vilaralimentacio.com\/es\/wp-json\/wp\/v2\/users\/1"}],"replies":[{"embeddable":true,"href":"https:\/\/www.vilaralimentacio.com\/es\/wp-json\/wp\/v2\/comments?post=103"}],"version-history":[{"count":20,"href":"https:\/\/www.vilaralimentacio.com\/es\/wp-json\/wp\/v2\/pages\/103\/revisions"}],"predecessor-version":[{"id":743,"href":"https:\/\/www.vilaralimentacio.com\/es\/wp-json\/wp\/v2\/pages\/103\/revisions\/743"}],"wp:attachment":[{"href":"https:\/\/www.vilaralimentacio.com\/es\/wp-json\/wp\/v2\/media?parent=103"}],"curies":[{"name":"wp","href":"https:\/\/api.w.org\/{rel}","templated":true}]}}